{"id":1349,"date":"2019-10-19T11:18:10","date_gmt":"2019-10-19T08:18:10","guid":{"rendered":"https:\/\/adanagsdernegi.org.tr\/?page_id=1349"},"modified":"2026-01-27T16:39:43","modified_gmt":"2026-01-27T13:39:43","slug":"kurullarimiz","status":"publish","type":"page","link":"https:\/\/adanagsdernegi.org.tr\/index.php\/hakkimizda\/kurullarimiz\/","title":{"rendered":"Kurullar\u0131m\u0131z"},"content":{"rendered":"<div class=\"wpb-content-wrapper\">[vc_row row_type=&#8221;row&#8221; use_row_as_full_screen_section=&#8221;no&#8221; type=&#8221;full_width&#8221; angled_section=&#8221;no&#8221; text_align=&#8221;left&#8221; background_image_as_pattern=&#8221;without_pattern&#8221;][vc_column][vc_column_text]\r\n<h3 style=\"text-align: left;\"><strong>ADANA GALATASARAY TARAFTARLARI DERNE\u011e\u0130<\/strong><\/h3>\r\n[\/vc_column_text][vc_empty_space][vc_row_inner row_type=&#8221;row&#8221; type=&#8221;full_width&#8221; text_align=&#8221;left&#8221; css_animation=&#8221;&#8221; css=&#8221;.vc_custom_1571322138380{padding-top: 20px !important;padding-right: 20px !important;padding-bottom: 20px !important;padding-left: 20px !important;}&#8221;][vc_column_inner width=&#8221;1\/2&#8243;][vc_column_text css=&#8221;&#8221;]<strong><u>Asil Y\u00f6netim Kurulu \u00dcyeleri <\/u>\r\n<\/strong> 1- Melih G\u00fcrol KARATA\u015e\r\n2- Selahattin KOSTAKO\u011eLU\r\n3- Sina YA\u011eMUR\r\n4- Ahmet DE\u011e\u0130RMENC\u0130\r\n\r\n5- Anda\u00e7 DURUKAN\r\n6- Arda ASLANKESER\r\n7- Mert MAV\u0130\r\n\r\n8- Yunus Emre ODABA\u015eI\r\n\r\n9- Mehmet Ali ALTIN\u00d6Z[\/vc_column_text][\/vc_column_inner][vc_column_inner width=&#8221;1\/2&#8243;][vc_column_text css=&#8221;&#8221;]<strong><u>Yedek Y\u00f6netim Kurulu \u00dcyeleri<\/u><\/strong>\r\n1- Yakup HIZLI\r\n2- Fatih ESMER\r\n3- \u00c7a\u011fatay KOYUNCU\r\n4- Yunus MAZLUM\r\n5- Mustafa Cankat G\u00dcR\r\n6- H\u00fcseyin YILMAZ\r\n7- Fatih C\u0130NG\u00d6Z\r\n\r\n8-Cumali ALBAYRAK[\/vc_column_text][\/vc_column_inner][\/vc_row_inner][vc_empty_space][vc_row_inner row_type=&#8221;row&#8221; type=&#8221;full_width&#8221; text_align=&#8221;left&#8221; css_animation=&#8221;&#8221; css=&#8221;.vc_custom_1571322107991{padding-top: 20px !important;padding-right: 20px !important;padding-bottom: 20px !important;padding-left: 20px !important;}&#8221;][vc_column_inner width=&#8221;1\/2&#8243;][vc_column_text css=&#8221;&#8221;]<strong><u>Asil Denetim Kurulu \u00dcyeleri<\/u>\u00a0 \u00a0 \u00a0 \u00a0 \u00a0 \u00a0 \u00a0 \u00a0 \u00a0 \u00a0 \u00a0\u00a0<\/strong>\r\n1- Koray B\u00dcY\u00dcKBOZAT\r\n2- Serdar PUL\u0130\r\n3- Burak AKIN[\/vc_column_text][\/vc_column_inner][vc_column_inner width=&#8221;1\/2&#8243;][vc_column_text css=&#8221;&#8221;]<strong>\u00a0<u>Yedek Denetim Kurulu \u00dcyeleri<\/u><\/strong>\r\n1- Sercan SEVG\u0130L\u0130\r\n2- Ra\u015fit Can \u00c7INAR\r\n3- Hicabi USANMAZ[\/vc_column_text][\/vc_column_inner][vc_column_inner][vc_empty_space][\/vc_column_inner][\/vc_row_inner][vc_row_inner row_type=&#8221;row&#8221; type=&#8221;full_width&#8221; text_align=&#8221;left&#8221; css_animation=&#8221;&#8221; css=&#8221;.vc_custom_1571322100284{padding-top: 20px !important;padding-right: 20px !important;padding-bottom: 20px !important;padding-left: 20px !important;}&#8221;][vc_column_inner width=&#8221;1\/2&#8243;][vc_column_text css=&#8221;&#8221;]<strong><u>Disiplin Kurulu \u00dcyeleri<\/u><\/strong>\r\n\r\n1- Ahmet \u00d6ZSIRKINTI\r\n\r\n2- Serkan KILIN\u00c7\r\n\r\n3- Bilal \u00d6ZDEM\u0130R[\/vc_column_text][\/vc_column_inner][vc_column_inner width=&#8221;1\/2&#8243;][vc_column_text css=&#8221;&#8221;]<strong><u>Disiplin Kurulu Yedek<\/u><\/strong>\r\n1- \u0130lker DA\u011eTEK\u0130N\r\n2- Berk \u00d6Z\u00c7AKMAK\r\n3- Mehmet Emin YILDIZ[\/vc_column_text][\/vc_column_inner][\/vc_row_inner][\/vc_column][\/vc_row][vc_row row_type=&#8221;row&#8221; use_row_as_full_screen_section=&#8221;no&#8221; type=&#8221;full_width&#8221; angled_section=&#8221;no&#8221; text_align=&#8221;left&#8221; background_image_as_pattern=&#8221;without_pattern&#8221; css=&#8221;.vc_custom_1571322116409{padding-top: 20px !important;padding-right: 20px !important;padding-bottom: 20px !important;padding-left: 20px !important;}&#8221; z_index=&#8221;&#8221;][vc_column][vc_empty_space][\/vc_column][\/vc_row][vc_row row_type=&#8221;row&#8221; use_row_as_full_screen_section=&#8221;no&#8221; type=&#8221;full_width&#8221; angled_section=&#8221;no&#8221; text_align=&#8221;left&#8221; background_image_as_pattern=&#8221;without_pattern&#8221;][vc_column][vc_column_text]\r\n\r\n[\/vc_column_text][\/vc_column][\/vc_row]<!-- \/wp:post-content --><\/div>","protected":false},"excerpt":{"rendered":"<p>[vc_row row_type=&#8221;row&#8221; use_row_as_full_screen_section=&#8221;no&#8221; type=&#8221;full_width&#8221; angled_section=&#8221;no&#8221; text_align=&#8221;left&#8221; background_image_as_pattern=&#8221;without_pattern&#8221;][vc_column][vc_column_text] ADANA GALATASARAY TARAFTARLARI DERNE\u011e\u0130 [\/vc_column_text][vc_empty_space][vc_row_inner row_type=&#8221;row&#8221; type=&#8221;full_width&#8221; text_align=&#8221;left&#8221; css_animation=&#8221;&#8221; css=&#8221;.vc_custom_1571322138380{padding-top: 20px !important;padding-right: 20px !important;padding-bottom: 20px !important;padding-left: 20px !important;}&#8221;][vc_column_inner width=&#8221;1\/2&#8243;][vc_column_text css=&#8221;&#8221;]Asil Y\u00f6netim Kurulu \u00dcyeleri 1- Melih G\u00fcrol KARATA\u015e 2- Selahattin KOSTAKO\u011eLU 3- Sina YA\u011eMUR 4- Ahmet DE\u011e\u0130RMENC\u0130 5- Anda\u00e7&#8230;<\/p>\n","protected":false},"author":1,"featured_media":0,"parent":1114,"menu_order":0,"comment_status":"closed","ping_status":"closed","template":"","meta":{"footnotes":""},"class_list":["post-1349","page","type-page","status-publish","hentry"],"_links":{"self":[{"href":"https:\/\/adanagsdernegi.org.tr\/index.php\/wp-json\/wp\/v2\/pages\/1349","targetHints":{"allow":["GET"]}}],"collection":[{"href":"https:\/\/adanagsdernegi.org.tr\/index.php\/wp-json\/wp\/v2\/pages"}],"about":[{"href":"https:\/\/adanagsdernegi.org.tr\/index.php\/wp-json\/wp\/v2\/types\/page"}],"author":[{"embeddable":true,"href":"https:\/\/adanagsdernegi.org.tr\/index.php\/wp-json\/wp\/v2\/users\/1"}],"replies":[{"embeddable":true,"href":"https:\/\/adanagsdernegi.org.tr\/index.php\/wp-json\/wp\/v2\/comments?post=1349"}],"version-history":[{"count":15,"href":"https:\/\/adanagsdernegi.org.tr\/index.php\/wp-json\/wp\/v2\/pages\/1349\/revisions"}],"predecessor-version":[{"id":1927,"href":"https:\/\/adanagsdernegi.org.tr\/index.php\/wp-json\/wp\/v2\/pages\/1349\/revisions\/1927"}],"up":[{"embeddable":true,"href":"https:\/\/adanagsdernegi.org.tr\/index.php\/wp-json\/wp\/v2\/pages\/1114"}],"wp:attachment":[{"href":"https:\/\/adanagsdernegi.org.tr\/index.php\/wp-json\/wp\/v2\/media?parent=1349"}],"curies":[{"name":"wp","href":"https:\/\/api.w.org\/{rel}","templated":true}]}}