{"id":1302,"date":"2019-10-14T16:51:11","date_gmt":"2019-10-14T13:51:11","guid":{"rendered":"https:\/\/adanagsdernegi.org.tr\/?page_id=1302"},"modified":"2019-10-15T00:00:43","modified_gmt":"2019-10-14T21:00:43","slug":"haberler","status":"publish","type":"page","link":"https:\/\/adanagsdernegi.org.tr\/index.php\/haberler\/","title":{"rendered":"Haberler"},"content":{"rendered":"<div class=\"wpb-content-wrapper\"><p>[vc_row css_animation=&#8221;&#8221; row_type=&#8221;row&#8221; use_row_as_full_screen_section=&#8221;no&#8221; type=&#8221;full_width&#8221; angled_section=&#8221;no&#8221; text_align=&#8221;left&#8221; background_image_as_pattern=&#8221;without_pattern&#8221;][vc_column]<div class='q_masonry_blog'><div class=\"q_masonry_blog_grid_sizer\"><\/div><div class=\"q_masonry_blog_grid_gutter\"><\/div><article  class='post-1813 post type-post status-publish format-standard has-post-thumbnail hentry category-haberler '><div class=\"q_masonry_blog_post_image\"><a itemprop=\"url\" href=\"https:\/\/adanagsdernegi.org.tr\/index.php\/baskanimizin-roportaji\/\" target=\"_self\"><img decoding=\"async\" itemprop=\"image\" src=\"https:\/\/adanagsdernegi.org.tr\/wp-content\/uploads\/2021\/05\/ROPORTAJ-1.jpg\" \/><\/a><\/div><div class=\"q_masonry_blog_post_text\"><h5 itemprop=\"name\" class=\"q_masonry_blog_title entry_title\"><a itemprop=\"url\" href=\"https:\/\/adanagsdernegi.org.tr\/index.php\/baskanimizin-roportaji\/\">ba\u015fkan\u0131m\u0131z\u0131n r\u00f6portaj\u0131<\/a><\/h5><p itemprop=\"description\" class=\"q_masonry_blog_excerpt\">...<\/p><div class=\"q_masonry_blog_post_info\"><\/div><\/div><\/article><article  class='post-1081 post type-post status-publish format-standard has-post-thumbnail hentry category-haberler '><div class=\"q_masonry_blog_post_image\"><a itemprop=\"url\" href=\"https:\/\/adanagsdernegi.org.tr\/index.php\/gsstore-etkinligi\/\" target=\"_self\"><img decoding=\"async\" itemprop=\"image\" src=\"https:\/\/adanagsdernegi.org.tr\/wp-content\/uploads\/2019\/10\/\u00c3\u2021ukurovada-Galatasaray-Heyecan\u00c4\u00b1.jpg\" \/><\/a><\/div><div class=\"q_masonry_blog_post_text\"><h5 itemprop=\"name\" class=\"q_masonry_blog_title entry_title\"><a itemprop=\"url\" href=\"https:\/\/adanagsdernegi.org.tr\/index.php\/gsstore-etkinligi\/\">\u00c7ukurova&#8217;da Galatasaray Heycan\u0131<\/a><\/h5><p itemprop=\"description\" class=\"q_masonry_blog_excerpt\">...<\/p><div class=\"q_masonry_blog_post_info\"><\/div><\/div><\/article><article  class='post-1107 post type-post status-publish format-standard has-post-thumbnail hentry category-haberler '><div class=\"q_masonry_blog_post_image\"><a itemprop=\"url\" href=\"https:\/\/adanagsdernegi.org.tr\/index.php\/dernegimizin-kurulus-haberi\/\" target=\"_self\"><img decoding=\"async\" itemprop=\"image\" src=\"https:\/\/adanagsdernegi.org.tr\/wp-content\/uploads\/2019\/10\/Kurulu\u015f-Haberi.jpg\" \/><\/a><\/div><div class=\"q_masonry_blog_post_text\"><h5 itemprop=\"name\" class=\"q_masonry_blog_title entry_title\"><a itemprop=\"url\" href=\"https:\/\/adanagsdernegi.org.tr\/index.php\/dernegimizin-kurulus-haberi\/\">Derne\u011fimizin Kurulu\u015f Haberi<\/a><\/h5><p itemprop=\"description\" class=\"q_masonry_blog_excerpt\">...<\/p><div class=\"q_masonry_blog_post_info\"><\/div><\/div><\/article><article  class='post-818 post type-post status-publish format-standard has-post-thumbnail hentry category-haberler '><div class=\"q_masonry_blog_post_image\"><a itemprop=\"url\" href=\"https:\/\/adanagsdernegi.org.tr\/index.php\/genel-kurul-toplanti\/\" target=\"_self\"><img decoding=\"async\" itemprop=\"image\" src=\"https:\/\/adanagsdernegi.org.tr\/wp-content\/uploads\/2019\/07\/Genel-kurul-haberi.jpg\" \/><\/a><\/div><div class=\"q_masonry_blog_post_text\"><h5 itemprop=\"name\" class=\"q_masonry_blog_title entry_title\"><a itemprop=\"url\" href=\"https:\/\/adanagsdernegi.org.tr\/index.php\/genel-kurul-toplanti\/\">Genel Kurul Haberimiz<\/a><\/h5><p itemprop=\"description\" class=\"q_masonry_blog_excerpt\">Galatasaray \u015eampiyonluk Kutlamas\u0131...<\/p><div class=\"q_masonry_blog_post_info\"><\/div><\/div><\/article><article  class='post-819 post type-post status-publish format-standard has-post-thumbnail hentry category-haberler '><div class=\"q_masonry_blog_post_image\"><a itemprop=\"url\" href=\"https:\/\/adanagsdernegi.org.tr\/index.php\/kamuoyu-aciklama\/\" target=\"_self\"><img decoding=\"async\" itemprop=\"image\" src=\"https:\/\/adanagsdernegi.org.tr\/wp-content\/uploads\/2019\/07\/Kamuoyuna-A\u00e7\u0131klama-Bizi-A\u015fa\u011f\u0131-\u00c7ekmeye-\u00c7al\u0131\u015faca\u011f\u0131n\u0131za-Siz-Yukar\u0131-Gelin.jpg\" \/><\/a><\/div><div class=\"q_masonry_blog_post_text\"><h5 itemprop=\"name\" class=\"q_masonry_blog_title entry_title\"><a itemprop=\"url\" href=\"https:\/\/adanagsdernegi.org.tr\/index.php\/kamuoyu-aciklama\/\">Kamuoyuna A\u00e7\u0131klama &#8216;Bizi A\u015fa\u011f\u0131 \u00c7ekmeye \u00c7al\u0131\u015faca\u011f\u0131n\u0131za Siz Yukar\u0131 Gelin!<\/a><\/h5><p itemprop=\"description\" class=\"q_masonry_blog_excerpt\">\n\t\t\t\tAdana Galatasaray Taraftarlar Derne\u011fi a\u00e7\u0131lm\u0131\u015ft\u0131r.\t\t...<\/p><div class=\"q_masonry_blog_post_info\"><\/div><\/div><\/article><\/div>[\/vc_column][\/vc_row]<\/p>\n<\/div>","protected":false},"excerpt":{"rendered":"<p>[vc_row css_animation=&#8221;&#8221; row_type=&#8221;row&#8221; use_row_as_full_screen_section=&#8221;no&#8221; type=&#8221;full_width&#8221; angled_section=&#8221;no&#8221; text_align=&#8221;left&#8221; background_image_as_pattern=&#8221;without_pattern&#8221;][vc_column][\/vc_column][\/vc_row]<\/p>\n","protected":false},"author":1,"featured_media":0,"parent":0,"menu_order":0,"comment_status":"closed","ping_status":"closed","template":"","meta":{"footnotes":""},"class_list":["post-1302","page","type-page","status-publish","hentry"],"_links":{"self":[{"href":"https:\/\/adanagsdernegi.org.tr\/index.php\/wp-json\/wp\/v2\/pages\/1302","targetHints":{"allow":["GET"]}}],"collection":[{"href":"https:\/\/adanagsdernegi.org.tr\/index.php\/wp-json\/wp\/v2\/pages"}],"about":[{"href":"https:\/\/adanagsdernegi.org.tr\/index.php\/wp-json\/wp\/v2\/types\/page"}],"author":[{"embeddable":true,"href":"https:\/\/adanagsdernegi.org.tr\/index.php\/wp-json\/wp\/v2\/users\/1"}],"replies":[{"embeddable":true,"href":"https:\/\/adanagsdernegi.org.tr\/index.php\/wp-json\/wp\/v2\/comments?post=1302"}],"version-history":[{"count":5,"href":"https:\/\/adanagsdernegi.org.tr\/index.php\/wp-json\/wp\/v2\/pages\/1302\/revisions"}],"predecessor-version":[{"id":1335,"href":"https:\/\/adanagsdernegi.org.tr\/index.php\/wp-json\/wp\/v2\/pages\/1302\/revisions\/1335"}],"wp:attachment":[{"href":"https:\/\/adanagsdernegi.org.tr\/index.php\/wp-json\/wp\/v2\/media?parent=1302"}],"curies":[{"name":"wp","href":"https:\/\/api.w.org\/{rel}","templated":true}]}}