{"id":1027,"date":"2019-10-08T18:07:26","date_gmt":"2019-10-08T15:07:26","guid":{"rendered":"http:\/\/www.adanagsdernegi.org.tr\/?page_id=1027"},"modified":"2019-10-31T15:03:09","modified_gmt":"2019-10-31T12:03:09","slug":"baskanin-mesaji","status":"publish","type":"page","link":"https:\/\/adanagsdernegi.org.tr\/index.php\/baskanin-mesaji\/","title":{"rendered":"Ba\u015fkan\u0131n Mesaj\u0131"},"content":{"rendered":"<div class=\"wpb-content-wrapper\">[vc_row css_animation=&#8221;&#8221; row_type=&#8221;row&#8221; use_row_as_full_screen_section=&#8221;no&#8221; type=&#8221;full_width&#8221; angled_section=&#8221;no&#8221; text_align=&#8221;left&#8221; background_image_as_pattern=&#8221;without_pattern&#8221; z_index=&#8221;&#8221;][vc_column][vc_column_text]<a href=\"https:\/\/adanagsdernegi.org.tr\/wp-content\/uploads\/2019\/10\/baskan-mesaj-1.jpg\"><img loading=\"lazy\" decoding=\"async\" class=\"wp-image-1047 alignleft\" src=\"https:\/\/adanagsdernegi.org.tr\/wp-content\/uploads\/2019\/10\/baskan-mesaj-1-300x199.jpg\" alt=\"\" width=\"510\" height=\"338\" srcset=\"https:\/\/adanagsdernegi.org.tr\/wp-content\/uploads\/2019\/10\/baskan-mesaj-1-300x199.jpg 300w, https:\/\/adanagsdernegi.org.tr\/wp-content\/uploads\/2019\/10\/baskan-mesaj-1-768x510.jpg 768w, https:\/\/adanagsdernegi.org.tr\/wp-content\/uploads\/2019\/10\/baskan-mesaj-1-1024x680.jpg 1024w, https:\/\/adanagsdernegi.org.tr\/wp-content\/uploads\/2019\/10\/baskan-mesaj-1-700x465.jpg 700w, https:\/\/adanagsdernegi.org.tr\/wp-content\/uploads\/2019\/10\/baskan-mesaj-1.jpg 1600w\" sizes=\"auto, (max-width: 510px) 100vw, 510px\" \/><\/a>\r\n\r\n<span style=\"color: #000000;\"><\/span>\r\n\r\n<strong>\u00a0<\/strong>\r\n\r\n1905 y\u0131l\u0131ndan bu yana T\u00fcrkiye ve D\u00fcnya \u00e7ap\u0131nda b\u00fcy\u00fck ba\u015far\u0131lara imza atm\u0131\u015f, T\u00fcrkiye\u2019nin y\u00fcz ak\u0131 Galatasaray Spor Kul\u00fcb\u00fcm\u00fcz\u00fcn Adana\u2019da ki resmi temsilcisi olan Adana Galatasaray Taraftarlar Derne\u011fi olarak Adanam\u0131z ve Galatasaray\u0131m\u0131z ortak paydas\u0131nda, i\u00e7erisinde spor olan her t\u00fcrl\u00fc konuya katk\u0131 sa\u011flamak ve liderlik etmek \u00fczere kurulmu\u015f bir sivil toplum kurulu\u015fuyuz.\r\n\r\n&nbsp;\r\n\r\n2019 Y\u0131l\u0131 \u015eubat ay\u0131nda 7 kurucu y\u00f6netim kurulu \u00fcyesi arkada\u015f\u0131m ile kurulu\u015funu ger\u00e7ekle\u015ftirmekten onur duydu\u011fumuz derne\u011fimiz k\u0131sa s\u00fcrede ilerleyen yap\u0131s\u0131, artan \u00fcye say\u0131s\u0131 ve faaliyetleri ile ad\u0131ndan s\u00f6z ettiriyor. May\u0131s ay\u0131nda ger\u00e7ekle\u015fen 1.Ola\u011fan Genel Kurulumuz ile se\u00e7ilmi\u015f y\u00f6netim kurulu olarak ilk g\u00fcn kendimize hedef olarak koydu\u011fumuz dernek merkezi hayalimizin pe\u015finde faaliyetlerimize t\u00fcm h\u0131z\u0131m\u0131zla devam ediyoruz.\r\n\r\n&nbsp;\r\n\r\n&nbsp;\r\n\r\nEfsanelerimizden Baba G\u00fcnd\u00fcz\u2019\u00fcn de s\u00f6yledi\u011fi gibi: <strong>\u201c<em>Galatasaray bir his tak\u0131m\u0131d\u0131r, bir halat\u0131 hep birlikte \u00e7ekenlerin, hep birlikte \u00fcz\u00fcl\u00fcp hep birlikte sevinmesini bilenlerin tak\u0131m\u0131d\u0131r\u201d<\/em><\/strong> &#8230;\r\n\r\n&nbsp;\r\n\r\nBende sizleri ayn\u0131 hisle bu hedefe ortak olmak ve \u015fanl\u0131 Galatasaray\u0131m\u0131z\u0131 Adana\u2019da en \u00fcst d\u00fczeyde temsil edebilmek i\u00e7in bize g\u00fc\u00e7 vermeye ve derne\u011fimize \u00fcye olmaya davet ediyorum&#8230;\r\n\r\n<strong>\u00a0<\/strong>\r\n\r\nSevgi ve Sayg\u0131lar\u0131mla\r\n\r\n&nbsp;\r\n\r\n&nbsp;\r\n\r\n[\/vc_column_text][\/vc_column][\/vc_row]<!-- \/wp:post-content --><\/div>","protected":false},"excerpt":{"rendered":"<p>[vc_row css_animation=&#8221;&#8221; row_type=&#8221;row&#8221; use_row_as_full_screen_section=&#8221;no&#8221; type=&#8221;full_width&#8221; angled_section=&#8221;no&#8221; text_align=&#8221;left&#8221; background_image_as_pattern=&#8221;without_pattern&#8221; z_index=&#8221;&#8221;][vc_column][vc_column_text] \u00a0 1905 y\u0131l\u0131ndan bu yana T\u00fcrkiye ve D\u00fcnya \u00e7ap\u0131nda b\u00fcy\u00fck ba\u015far\u0131lara imza atm\u0131\u015f, T\u00fcrkiye\u2019nin y\u00fcz ak\u0131 Galatasaray Spor Kul\u00fcb\u00fcm\u00fcz\u00fcn Adana\u2019da ki resmi temsilcisi olan Adana Galatasaray Taraftarlar Derne\u011fi olarak Adanam\u0131z ve Galatasaray\u0131m\u0131z ortak paydas\u0131nda, i\u00e7erisinde spor&#8230;<\/p>\n","protected":false},"author":1,"featured_media":1047,"parent":0,"menu_order":0,"comment_status":"closed","ping_status":"closed","template":"","meta":{"footnotes":""},"class_list":["post-1027","page","type-page","status-publish","has-post-thumbnail","hentry"],"_links":{"self":[{"href":"https:\/\/adanagsdernegi.org.tr\/index.php\/wp-json\/wp\/v2\/pages\/1027","targetHints":{"allow":["GET"]}}],"collection":[{"href":"https:\/\/adanagsdernegi.org.tr\/index.php\/wp-json\/wp\/v2\/pages"}],"about":[{"href":"https:\/\/adanagsdernegi.org.tr\/index.php\/wp-json\/wp\/v2\/types\/page"}],"author":[{"embeddable":true,"href":"https:\/\/adanagsdernegi.org.tr\/index.php\/wp-json\/wp\/v2\/users\/1"}],"replies":[{"embeddable":true,"href":"https:\/\/adanagsdernegi.org.tr\/index.php\/wp-json\/wp\/v2\/comments?post=1027"}],"version-history":[{"count":5,"href":"https:\/\/adanagsdernegi.org.tr\/index.php\/wp-json\/wp\/v2\/pages\/1027\/revisions"}],"predecessor-version":[{"id":1520,"href":"https:\/\/adanagsdernegi.org.tr\/index.php\/wp-json\/wp\/v2\/pages\/1027\/revisions\/1520"}],"wp:featuredmedia":[{"embeddable":true,"href":"https:\/\/adanagsdernegi.org.tr\/index.php\/wp-json\/wp\/v2\/media\/1047"}],"wp:attachment":[{"href":"https:\/\/adanagsdernegi.org.tr\/index.php\/wp-json\/wp\/v2\/media?parent=1027"}],"curies":[{"name":"wp","href":"https:\/\/api.w.org\/{rel}","templated":true}]}}